{"id":547,"date":"2022-03-21T19:57:50","date_gmt":"2022-03-21T18:57:50","guid":{"rendered":"https:\/\/rapportannuel.hirondelle.org\/dialogue-dans-le-sahel"},"modified":"2023-06-07T17:09:13","modified_gmt":"2023-06-07T15:09:13","slug":"dialogue-in-the-sahel","status":"publish","type":"page","link":"https:\/\/rapportannuel2022.hirondelle.org\/en\/dialogue-in-the-sahel","title":{"rendered":"Maintaining social ties in context of Growing tension"},"content":{"rendered":"<p>[vc_row][vc_column][vc_column_text]<strong>In a context of growing political tension where organized armed violence is gaining ground and freedom of the press is threatened, Fondation Hirondelle is adapting its programmes in the Sahel to combat misinformation and train West African journalists in conflict prevention.<\/strong>[\/vc_column_text][\/vc_column][\/vc_row][vc_row][vc_column width=&#8221;1\/2&#8243;][vc_column_text]The context in the Sahel countries remained unstable in 2022. On the security front, various armed groups affiliated with Al-Qaeda and Islamic State in the Greater Sahara (IS-GS) continued to operate in Mali, Niger, and Burkina Faso, targeting civilians and regular armed forces. In northern Burkina Faso, nearly 40% of the territory has fallen under the control of armed groups, and attacks on villages have killed more than 100 civilians. The same is true in Mali and Niger, with a concentration of attacks around the regions of Gao, Menaka, Mopti and Tillab\u00e9ri. With both armed violence and climate change, people in the Sahel are seeing their environment change dramatically.<\/p>\n<p>Over the past year, floods have killed hundreds of people in the region, displaced thousands more, and destroyed more than one million hectares of cultivated land. The low productivity of the land and rising prices of food and basic goods have aggravated the food crisis in the region. Average annual inflation reached 4.2% in 2022, the highest rate in the last ten years. In addition, there is political instability in Mali and Burkina Faso. The latter experienced two coups in January and September 2022.<\/p>\n<p>The narrowing of civic space and a climate of repression against the media have become more pronounced. In April 2022, international media outlets France 24 and RFI were forced to stop broadcasting in Mali. In November, the Malian channel Joliba TV News was also suspended by the authorities for defamatory statements. In Burkina Faso, RFI was also suspended from the country in December. Misinformation and hate speech against government opponents have found new ways to manifest themselves, through social platforms.<\/p>\n<p>The fragility of the region\u2019s media is at an all-time high, and there is a widespread risk that extremist rhetoric will be relayed without any critical distance. The threat of suspension hangs over those who want to continue providing independent information. Yet the role of the media in the prevention of multifaceted crises is crucial. This requires reliable and inclusive information, accessible to as many people as possible, and the highlighting of concrete initiatives that strengthen the resilience of communities.<\/p>\n<p>[\/vc_column_text][\/vc_column][vc_column width=&#8221;1\/2&#8243;][vc_column_text]To support the media in the region, Fondation Hirondelle launched a \u201cMedia and Violence Prevention in the Sahel\u201d programme in 2022. This programme, financed by the Swiss Federal Department of Foreign Affairs (DFAE), is aimed at professional journalists from seven French-speaking West African countries: Mali, Niger, Burkina Faso, Benin, Togo, Guinea and C\u00f4te d\u2019Ivoire. For one year, a group of 25 journalists, including 7 women, will benefit from theoretical and practical training, composed of four individual teaching blocks and support from the Fondation\u2019s editorial expert.<\/p>\n<blockquote><p><strong>There is a need for reliable information, which can be met by existing initiatives such as the serious and reflective network of radio stations supported by Fondation Hirondelle (Studio Tamani in Mali and Studio Kalangou in Niger). The state propaganda machines can muzzle their voice, yet it exists and should be maintained.<\/strong><br \/>\nExtract from the study \u201cCivilian-Jihadist Interactions in Mali and Niger\u00bb Research Findings and Policy Lessons &#8211; By Ferdaous Bouhlel and Yvan Guichaoua &#8211; University of Kent.<\/p><\/blockquote>\n<p>As for the three Fondation Hirondelle media present in this region, Studio Tamani (Mali), Studio Kalangou (Niger) and Studio Yafa (Burkina Faso), they have adapted their programmes to fight against disinformation, misinformation and propaganda. Several short, accessible programmes in local languages have been set up to deconstruct false information and fill the information void. These local programmes, broadcast by a network of more than 180 media partners, constitute reference points for the populations in this extremely fragile context.[\/vc_column_text][\/vc_column][\/vc_row][vc_row][vc_column][vc_column_text]<\/p>\n<div class=\"mceTemp\"><\/div>\n<p><img loading=\"lazy\" decoding=\"async\" class=\"fullWidthImage wp-image-812 size-full\" title=\"Avec ses m\u00e9dias au Mali, au Niger et au Burkina Faso, et leurs 176 radios et t\u00e9l\u00e9visions locales partenaires, la Fondation Hirondelle dispose d\u2019une capacit\u00e9 unique de production et diffusion d\u2019information au Sahel.\" src=\"https:\/\/rapportannuel.hirondelle.org\/wp-content\/uploads\/2023\/06\/carte-dialogue-sahel-en.jpg\" alt=\"\" width=\"2490\" height=\"1780\" \/><\/p>\n<p>[\/vc_column_text][\/vc_column][\/vc_row]<\/p>\n","protected":false},"excerpt":{"rendered":"<p>[vc_row][vc_column][vc_column_text]In a context of growing political tension where organized armed violence is gaining ground and freedom of the press is threatened, Fondation Hirondelle is adapting its programmes in the Sahel to combat misinformation and train West African journalists in conflict prevention.[\/vc_column_text][\/vc_column][\/vc_row][vc_row][vc_column width=&#8221;1\/2&#8243;][vc_column_text]The context in the Sahel countries remained unstable in 2022. On the security front, [&hellip;]<\/p>\n","protected":false},"author":7,"featured_media":995,"parent":0,"menu_order":0,"comment_status":"closed","ping_status":"closed","template":"","meta":{"footnotes":""},"class_list":["post-547","page","type-page","status-publish","hentry"],"yoast_head":"<!-- This site is optimized with the Yoast SEO plugin v25.3.1 - https:\/\/yoast.com\/wordpress\/plugins\/seo\/ -->\n<title>Maintaining social ties in context of Growing tension - Annual Report 2022 - Fondation Hirondelle<\/title>\n<meta name=\"robots\" content=\"index, follow, max-snippet:-1, max-image-preview:large, max-video-preview:-1\" \/>\n<link rel=\"canonical\" href=\"https:\/\/rapportannuel2022.hirondelle.org\/en\/dialogue-in-the-sahel\" \/>\n<meta property=\"og:locale\" content=\"en_US\" \/>\n<meta property=\"og:type\" content=\"article\" \/>\n<meta property=\"og:title\" content=\"Maintaining social ties in context of Growing tension - Annual Report 2022 - Fondation Hirondelle\" \/>\n<meta property=\"og:description\" content=\"[vc_row][vc_column][vc_column_text]In a context of growing political tension where organized armed violence is gaining ground and freedom of the press is threatened, Fondation Hirondelle is adapting its programmes in the Sahel to combat misinformation and train West African journalists in conflict prevention.[\/vc_column_text][\/vc_column][\/vc_row][vc_row][vc_column width=&#8221;1\/2&#8243;][vc_column_text]The context in the Sahel countries remained unstable in 2022. On the security front, [&hellip;]\" \/>\n<meta property=\"og:url\" content=\"https:\/\/rapportannuel2022.hirondelle.org\/en\/dialogue-in-the-sahel\" \/>\n<meta property=\"og:site_name\" content=\"Annual Report 2022 - Fondation Hirondelle\" \/>\n<meta property=\"article:modified_time\" content=\"2023-06-07T15:09:13+00:00\" \/>\n<meta property=\"og:image\" content=\"https:\/\/rapportannuel2022.hirondelle.org\/wp-content\/uploads\/2023\/05\/dialogue-sahel-1.jpg\" \/>\n\t<meta property=\"og:image:width\" content=\"2560\" \/>\n\t<meta property=\"og:image:height\" content=\"1210\" \/>\n\t<meta property=\"og:image:type\" content=\"image\/jpeg\" \/>\n<meta name=\"twitter:card\" content=\"summary_large_image\" \/>\n<meta name=\"twitter:label1\" content=\"Est. reading time\" \/>\n\t<meta name=\"twitter:data1\" content=\"4 minutes\" \/>\n<script type=\"application\/ld+json\" class=\"yoast-schema-graph\">{\"@context\":\"https:\/\/schema.org\",\"@graph\":[{\"@type\":\"WebPage\",\"@id\":\"https:\/\/rapportannuel2022.hirondelle.org\/en\/dialogue-in-the-sahel\",\"url\":\"https:\/\/rapportannuel2022.hirondelle.org\/en\/dialogue-in-the-sahel\",\"name\":\"Maintaining social ties in context of Growing tension - Annual Report 2022 - Fondation Hirondelle\",\"isPartOf\":{\"@id\":\"https:\/\/rapportannuel2022.hirondelle.org\/en#website\"},\"primaryImageOfPage\":{\"@id\":\"https:\/\/rapportannuel2022.hirondelle.org\/en\/dialogue-in-the-sahel#primaryimage\"},\"image\":{\"@id\":\"https:\/\/rapportannuel2022.hirondelle.org\/en\/dialogue-in-the-sahel#primaryimage\"},\"thumbnailUrl\":\"https:\/\/rapportannuel2022.hirondelle.org\/wp-content\/uploads\/2023\/05\/dialogue-sahel-1.jpg\",\"datePublished\":\"2022-03-21T18:57:50+00:00\",\"dateModified\":\"2023-06-07T15:09:13+00:00\",\"inLanguage\":\"en-US\",\"potentialAction\":[{\"@type\":\"ReadAction\",\"target\":[\"https:\/\/rapportannuel2022.hirondelle.org\/en\/dialogue-in-the-sahel\"]}]},{\"@type\":\"ImageObject\",\"inLanguage\":\"en-US\",\"@id\":\"https:\/\/rapportannuel2022.hirondelle.org\/en\/dialogue-in-the-sahel#primaryimage\",\"url\":\"https:\/\/rapportannuel2022.hirondelle.org\/wp-content\/uploads\/2023\/05\/dialogue-sahel-1.jpg\",\"contentUrl\":\"https:\/\/rapportannuel2022.hirondelle.org\/wp-content\/uploads\/2023\/05\/dialogue-sahel-1.jpg\",\"width\":2560,\"height\":1210,\"caption\":\"Studio Kalangou\u2019s \u201cTous \u00e0 la Fada\u201d programme is an important rendez-vous for young people in Niger, providing a place to express themselves. \u00a9 Apsatou Bagaya \/ Fondation Hirondelle.\"},{\"@type\":\"WebSite\",\"@id\":\"https:\/\/rapportannuel2022.hirondelle.org\/en#website\",\"url\":\"https:\/\/rapportannuel2022.hirondelle.org\/en\",\"name\":\"Annual Report 2022 - Fondation Hirondelle\",\"description\":\"\",\"potentialAction\":[{\"@type\":\"SearchAction\",\"target\":{\"@type\":\"EntryPoint\",\"urlTemplate\":\"https:\/\/rapportannuel2022.hirondelle.org\/en?s={search_term_string}\"},\"query-input\":{\"@type\":\"PropertyValueSpecification\",\"valueRequired\":true,\"valueName\":\"search_term_string\"}}],\"inLanguage\":\"en-US\"}]}<\/script>\n<!-- \/ Yoast SEO plugin. -->","yoast_head_json":{"title":"Maintaining social ties in context of Growing tension - Annual Report 2022 - Fondation Hirondelle","robots":{"index":"index","follow":"follow","max-snippet":"max-snippet:-1","max-image-preview":"max-image-preview:large","max-video-preview":"max-video-preview:-1"},"canonical":"https:\/\/rapportannuel2022.hirondelle.org\/en\/dialogue-in-the-sahel","og_locale":"en_US","og_type":"article","og_title":"Maintaining social ties in context of Growing tension - Annual Report 2022 - Fondation Hirondelle","og_description":"[vc_row][vc_column][vc_column_text]In a context of growing political tension where organized armed violence is gaining ground and freedom of the press is threatened, Fondation Hirondelle is adapting its programmes in the Sahel to combat misinformation and train West African journalists in conflict prevention.[\/vc_column_text][\/vc_column][\/vc_row][vc_row][vc_column width=&#8221;1\/2&#8243;][vc_column_text]The context in the Sahel countries remained unstable in 2022. On the security front, [&hellip;]","og_url":"https:\/\/rapportannuel2022.hirondelle.org\/en\/dialogue-in-the-sahel","og_site_name":"Annual Report 2022 - Fondation Hirondelle","article_modified_time":"2023-06-07T15:09:13+00:00","og_image":[{"width":2560,"height":1210,"url":"https:\/\/rapportannuel2022.hirondelle.org\/wp-content\/uploads\/2023\/05\/dialogue-sahel-1.jpg","type":"image\/jpeg"}],"twitter_card":"summary_large_image","twitter_misc":{"Est. reading time":"4 minutes"},"schema":{"@context":"https:\/\/schema.org","@graph":[{"@type":"WebPage","@id":"https:\/\/rapportannuel2022.hirondelle.org\/en\/dialogue-in-the-sahel","url":"https:\/\/rapportannuel2022.hirondelle.org\/en\/dialogue-in-the-sahel","name":"Maintaining social ties in context of Growing tension - Annual Report 2022 - Fondation Hirondelle","isPartOf":{"@id":"https:\/\/rapportannuel2022.hirondelle.org\/en#website"},"primaryImageOfPage":{"@id":"https:\/\/rapportannuel2022.hirondelle.org\/en\/dialogue-in-the-sahel#primaryimage"},"image":{"@id":"https:\/\/rapportannuel2022.hirondelle.org\/en\/dialogue-in-the-sahel#primaryimage"},"thumbnailUrl":"https:\/\/rapportannuel2022.hirondelle.org\/wp-content\/uploads\/2023\/05\/dialogue-sahel-1.jpg","datePublished":"2022-03-21T18:57:50+00:00","dateModified":"2023-06-07T15:09:13+00:00","inLanguage":"en-US","potentialAction":[{"@type":"ReadAction","target":["https:\/\/rapportannuel2022.hirondelle.org\/en\/dialogue-in-the-sahel"]}]},{"@type":"ImageObject","inLanguage":"en-US","@id":"https:\/\/rapportannuel2022.hirondelle.org\/en\/dialogue-in-the-sahel#primaryimage","url":"https:\/\/rapportannuel2022.hirondelle.org\/wp-content\/uploads\/2023\/05\/dialogue-sahel-1.jpg","contentUrl":"https:\/\/rapportannuel2022.hirondelle.org\/wp-content\/uploads\/2023\/05\/dialogue-sahel-1.jpg","width":2560,"height":1210,"caption":"Studio Kalangou\u2019s \u201cTous \u00e0 la Fada\u201d programme is an important rendez-vous for young people in Niger, providing a place to express themselves. \u00a9 Apsatou Bagaya \/ Fondation Hirondelle."},{"@type":"WebSite","@id":"https:\/\/rapportannuel2022.hirondelle.org\/en#website","url":"https:\/\/rapportannuel2022.hirondelle.org\/en","name":"Annual Report 2022 - Fondation Hirondelle","description":"","potentialAction":[{"@type":"SearchAction","target":{"@type":"EntryPoint","urlTemplate":"https:\/\/rapportannuel2022.hirondelle.org\/en?s={search_term_string}"},"query-input":{"@type":"PropertyValueSpecification","valueRequired":true,"valueName":"search_term_string"}}],"inLanguage":"en-US"}]}},"_links":{"self":[{"href":"https:\/\/rapportannuel2022.hirondelle.org\/en\/wp-json\/wp\/v2\/pages\/547","targetHints":{"allow":["GET"]}}],"collection":[{"href":"https:\/\/rapportannuel2022.hirondelle.org\/en\/wp-json\/wp\/v2\/pages"}],"about":[{"href":"https:\/\/rapportannuel2022.hirondelle.org\/en\/wp-json\/wp\/v2\/types\/page"}],"author":[{"embeddable":true,"href":"https:\/\/rapportannuel2022.hirondelle.org\/en\/wp-json\/wp\/v2\/users\/7"}],"replies":[{"embeddable":true,"href":"https:\/\/rapportannuel2022.hirondelle.org\/en\/wp-json\/wp\/v2\/comments?post=547"}],"version-history":[{"count":14,"href":"https:\/\/rapportannuel2022.hirondelle.org\/en\/wp-json\/wp\/v2\/pages\/547\/revisions"}],"predecessor-version":[{"id":1304,"href":"https:\/\/rapportannuel2022.hirondelle.org\/en\/wp-json\/wp\/v2\/pages\/547\/revisions\/1304"}],"wp:featuredmedia":[{"embeddable":true,"href":"https:\/\/rapportannuel2022.hirondelle.org\/en\/wp-json\/wp\/v2\/media\/995"}],"wp:attachment":[{"href":"https:\/\/rapportannuel2022.hirondelle.org\/en\/wp-json\/wp\/v2\/media?parent=547"}],"curies":[{"name":"wp","href":"https:\/\/api.w.org\/{rel}","templated":true}]}}