{"id":550,"date":"2022-03-21T19:59:15","date_gmt":"2022-03-21T18:59:15","guid":{"rendered":"https:\/\/rapportannuel.hirondelle.org\/dialogue-dans-le-sahel\/studio-yafa"},"modified":"2023-06-07T17:40:05","modified_gmt":"2023-06-07T15:40:05","slug":"studio-yafa","status":"publish","type":"page","link":"https:\/\/rapportannuel2022.hirondelle.org\/en\/dialogue-in-the-sahel\/studio-yafa","title":{"rendered":"Burkina Faso &#8211; Studio Yafa"},"content":{"rendered":"<p>[vc_row][vc_column width=&#8221;1\/3&#8243;][vc_single_image image=&#8221;184&#8243; img_size=&#8221;large&#8221; css=&#8221;.vc_custom_1652776367458{margin-top: 10px !important;margin-bottom: 10px !important;}&#8221; el_class=&#8221;fullWidthImageContainer&#8221;][vc_row_inner][vc_column_inner el_class=&#8221;floatingColumn&#8221;][vc_column_text]Studio Yafa, the multimedia programme for youth has met successfully the challenges set at its launch four years ago. Produced by a team of 20 journalists in Ougadougou and a network of 35 correspondents in the regions, Studio Yafa\u2019s programmes are broadcast by 35 radio stations across the country and the main public television channel BF1. The programmes are accessible free of charge on a partner telephone platform, as well as on the Internet and social networks.<\/p>\n<p>Studio Yafa produces the daily magazine \u00abYafa Soir\u00bb in five languages (Dioula, French, Fulfuld\u00e9, Gulmencema and Moor\u00e9), as well as a major weekly dialogue programme \u201cYa\u2019D\u00e9bat\u201d, which offers young people and women the opportunity to exchange directly with resource persons on accountability issues. Since 2022, Studio Yafa is also broadcasting a radio programme for internally displaced persons.<\/p>\n<hr \/>\n<h4>Financial volume<\/h4>\n<p>1 360 285 CHF<\/p>\n<h4>Sources of funding<\/h4>\n<p>\u2022 Swedish development aid<br \/>\n\u2022 Swiss development aid<br \/>\n\u2022 European Union<br \/>\n\u2022 Czech Republic<br \/>\n\u2022 Crisis and Support Centre<br \/>\n\u2022 Private donations<br \/>\n\u2022 Income generated<\/p>\n<hr \/>\n<p><a href=\"https:\/\/www.studioyafa.org\" target=\"_blank\" rel=\"noopener\">studioyafa.org<\/a>[\/vc_column_text][vc_raw_html]JTNDZGl2JTIwc3R5bGUlM0QlMjJtYXJnaW4tdG9wJTNBLTEwcHglM0IlMjIlM0UlMEElMjAlMjAlMjAlMjAlM0NhJTIwaHJlZiUzRCUyMmh0dHBzJTNBJTJGJTJGd3d3LmZhY2Vib29rLmNvbSUyRlN0dWRpb1lhZmFCdXJraW5hJTJGJTIyJTIwdGFyZ2V0JTNEJTIyX2JsYW5rJTIyJTNFJTNDaSUyMHN0eWxlJTNEJTIyZm9udC1zaXplJTNBMjdweCUzQm1hcmdpbiUzQTAlMjAxMHB4JTIwMCUyMDAlM0IlMjIlMjBjbGFzcyUzRCUyMmljb24lMjBpY29uJTIwaWNvbi1mYWNlYm9vay1zcXVhcmUlMjIlM0UlM0MlMkZpJTNFJTNDJTJGYSUzRSUwQSUyMCUyMCUyMCUyMCUzQ2ElMjBocmVmJTNEJTIyaHR0cHMlM0ElMkYlMkZ0d2l0dGVyLmNvbSUyRlN0dWRpb1lhZmElMjIlMjB0YXJnZXQlM0QlMjJfYmxhbmslMjIlM0UlM0NpJTIwc3R5bGUlM0QlMjJmb250LXNpemUlM0EyN3B4JTNCbWFyZ2luJTNBMCUyMDEwcHglMjAwJTIwMCUzQiUyMiUyMGNsYXNzJTNEJTIyaWNvbiUyMGljb24lMjBpY29uLXR3aXR0ZXItc3F1YXJlJTIyJTNFJTNDJTJGaSUzRSUzQyUyRmElM0UlMEElMjAlMjAlMjAlMjAlM0NhJTIwaHJlZiUzRCUyMmh0dHBzJTNBJTJGJTJGd3d3LnlvdXR1YmUuY29tJTJGY2hhbm5lbCUyRlVDVkptTDBPMmRaTlkwZHE2TGduOGdKUSUyMiUyMHRhcmdldCUzRCUyMl9ibGFuayUyMiUzRSUzQ2klMjBzdHlsZSUzRCUyMmZvbnQtc2l6ZSUzQTI3cHglM0JtYXJnaW4lM0EwJTIwMTBweCUyMDAlMjAwJTNCJTIyJTIwY2xhc3MlM0QlMjJpY29uJTIwaWNvbiUyMGljb24teW91dHViZS1zcXVhcmUlMjIlM0UlM0MlMkZpJTNFJTNDJTJGYSUzRSUwQSUzQyUyRmRpdiUzRQ==[\/vc_raw_html][\/vc_column_inner][\/vc_row_inner][\/vc_column][vc_column width=&#8221;2\/3&#8243;][vc_column_text]<\/p>\n<h2>Mobilizing youth, women and displaced persons in a country weakened by violence<\/h2>\n<p>The security situation in Burkina Faso has gradually deteriorated over the course of 2022. The country has experienced two coups d\u2019\u00e9tat within an eight-month period and has nearly 2 million internally displaced people (nearly 10% of the national population). In this context, Studio Yafa has not only consolidated its role as a mobilizer of youth and women, but has also developed humanitarian programming for internally displaced persons (IDPs). Studio Yafa has thus become a go-to media in West Africa for the production of programmes entirely dedicated to IDPs.<\/p>\n<p>Studio Yafa has set up a weekly news and debate programme called \u201cFaso Yafa\u201d, which brings together experts and IDPs to discuss issues such as trauma management, gender-based violence and International Humanitarian Law. These programmes are broadcast on 51 radio stations and through collective listening sessions led by 90 community relays.<\/p>\n<blockquote>\n<p><strong>The work is professional. The relevance of the topics and themes addressed are of an indisputable originality. This gives Studio Yafa a place of choice in the habits of listeners.<\/strong><br \/>\nA listener, in the \u201cguestbook\u201d of Studio Yafa<\/p>\n<\/blockquote>\n<p>2022 also marked the launch of the Young Leaders Programme, piloted by the Institut G\u00e9n\u00e9ral Ti\u00e9moko Marc Garango pour la Gouvernance et le D\u00e9veloppement (IGD). This programme is designed to support 15 young people in building and carrying out their entrepreneurial project. Studio Yafa was in charge of the \u201cmedia training\u201d part, which included participation in several national radio and television programmes. These young people had the opportunity to present their projects on air and inspire other young people to do the same.<\/p>\n<p>The Fasoveil programme (Facilitating Accountability and Citizen Watch with Civil Society), in partnership with Burkinab\u00e8 association Laboratoire Citoyennet\u00e9s, has also developed new audiovisual productions for youth and women, including a monthly \u201cFasoveil\u201d programme on accountability. This is produced by Studio Yafa and aired monthly on BF1, the leading private television channel.[\/vc_column_text][vc_single_image image=&#8221;1032&#8243; img_size=&#8221;full&#8221; add_caption=&#8221;yes&#8221;][\/vc_column][\/vc_row]<\/p>\n","protected":false},"excerpt":{"rendered":"<p>[vc_row][vc_column width=&#8221;1\/3&#8243;][vc_single_image image=&#8221;184&#8243; img_size=&#8221;large&#8221; css=&#8221;.vc_custom_1652776367458{margin-top: 10px !important;margin-bottom: 10px !important;}&#8221; el_class=&#8221;fullWidthImageContainer&#8221;][vc_row_inner][vc_column_inner el_class=&#8221;floatingColumn&#8221;][vc_column_text]Studio Yafa, the multimedia programme for youth has met successfully the challenges set at its launch four years ago. Produced by a team of 20 journalists in Ougadougou and a network of 35 correspondents in the regions, Studio Yafa\u2019s programmes are broadcast by 35 radio [&hellip;]<\/p>\n","protected":false},"author":7,"featured_media":1028,"parent":547,"menu_order":3,"comment_status":"closed","ping_status":"closed","template":"","meta":{"footnotes":""},"class_list":["post-550","page","type-page","status-publish","hentry"],"yoast_head":"<!-- This site is optimized with the Yoast SEO plugin v25.3.1 - https:\/\/yoast.com\/wordpress\/plugins\/seo\/ -->\n<title>Burkina Faso - Studio Yafa - Annual Report 2022 - Fondation Hirondelle<\/title>\n<meta name=\"robots\" content=\"index, follow, max-snippet:-1, max-image-preview:large, max-video-preview:-1\" \/>\n<link rel=\"canonical\" href=\"https:\/\/rapportannuel2022.hirondelle.org\/en\/dialogue-in-the-sahel\/studio-yafa\" \/>\n<meta property=\"og:locale\" content=\"en_US\" \/>\n<meta property=\"og:type\" content=\"article\" \/>\n<meta property=\"og:title\" content=\"Burkina Faso - Studio Yafa - Annual Report 2022 - Fondation Hirondelle\" \/>\n<meta property=\"og:description\" content=\"[vc_row][vc_column width=&#8221;1\/3&#8243;][vc_single_image image=&#8221;184&#8243; img_size=&#8221;large&#8221; css=&#8221;.vc_custom_1652776367458{margin-top: 10px !important;margin-bottom: 10px !important;}&#8221; el_class=&#8221;fullWidthImageContainer&#8221;][vc_row_inner][vc_column_inner el_class=&#8221;floatingColumn&#8221;][vc_column_text]Studio Yafa, the multimedia programme for youth has met successfully the challenges set at its launch four years ago. Produced by a team of 20 journalists in Ougadougou and a network of 35 correspondents in the regions, Studio Yafa\u2019s programmes are broadcast by 35 radio [&hellip;]\" \/>\n<meta property=\"og:url\" content=\"https:\/\/rapportannuel2022.hirondelle.org\/en\/dialogue-in-the-sahel\/studio-yafa\" \/>\n<meta property=\"og:site_name\" content=\"Annual Report 2022 - Fondation Hirondelle\" \/>\n<meta property=\"article:modified_time\" content=\"2023-06-07T15:40:05+00:00\" \/>\n<meta property=\"og:image\" content=\"https:\/\/rapportannuel2022.hirondelle.org\/wp-content\/uploads\/2023\/05\/studio-yafa.jpg\" \/>\n\t<meta property=\"og:image:width\" content=\"2560\" \/>\n\t<meta property=\"og:image:height\" content=\"1485\" \/>\n\t<meta property=\"og:image:type\" content=\"image\/jpeg\" \/>\n<meta name=\"twitter:card\" content=\"summary_large_image\" \/>\n<meta name=\"twitter:label1\" content=\"Est. reading time\" \/>\n\t<meta name=\"twitter:data1\" content=\"3 minutes\" \/>\n<script type=\"application\/ld+json\" class=\"yoast-schema-graph\">{\"@context\":\"https:\/\/schema.org\",\"@graph\":[{\"@type\":\"WebPage\",\"@id\":\"https:\/\/rapportannuel2022.hirondelle.org\/en\/dialogue-in-the-sahel\/studio-yafa\",\"url\":\"https:\/\/rapportannuel2022.hirondelle.org\/en\/dialogue-in-the-sahel\/studio-yafa\",\"name\":\"Burkina Faso - Studio Yafa - Annual Report 2022 - Fondation Hirondelle\",\"isPartOf\":{\"@id\":\"https:\/\/rapportannuel2022.hirondelle.org\/en#website\"},\"primaryImageOfPage\":{\"@id\":\"https:\/\/rapportannuel2022.hirondelle.org\/en\/dialogue-in-the-sahel\/studio-yafa#primaryimage\"},\"image\":{\"@id\":\"https:\/\/rapportannuel2022.hirondelle.org\/en\/dialogue-in-the-sahel\/studio-yafa#primaryimage\"},\"thumbnailUrl\":\"https:\/\/rapportannuel2022.hirondelle.org\/wp-content\/uploads\/2023\/05\/studio-yafa.jpg\",\"datePublished\":\"2022-03-21T18:59:15+00:00\",\"dateModified\":\"2023-06-07T15:40:05+00:00\",\"breadcrumb\":{\"@id\":\"https:\/\/rapportannuel2022.hirondelle.org\/en\/dialogue-in-the-sahel\/studio-yafa#breadcrumb\"},\"inLanguage\":\"en-US\",\"potentialAction\":[{\"@type\":\"ReadAction\",\"target\":[\"https:\/\/rapportannuel2022.hirondelle.org\/en\/dialogue-in-the-sahel\/studio-yafa\"]}]},{\"@type\":\"ImageObject\",\"inLanguage\":\"en-US\",\"@id\":\"https:\/\/rapportannuel2022.hirondelle.org\/en\/dialogue-in-the-sahel\/studio-yafa#primaryimage\",\"url\":\"https:\/\/rapportannuel2022.hirondelle.org\/wp-content\/uploads\/2023\/05\/studio-yafa.jpg\",\"contentUrl\":\"https:\/\/rapportannuel2022.hirondelle.org\/wp-content\/uploads\/2023\/05\/studio-yafa.jpg\",\"width\":2560,\"height\":1485,\"caption\":\"A Studio Yafa journalist interviews a trader in Ouagadougou. \u00a9 Olympia de Maismont \/Fondation Hirondelle.\"},{\"@type\":\"BreadcrumbList\",\"@id\":\"https:\/\/rapportannuel2022.hirondelle.org\/en\/dialogue-in-the-sahel\/studio-yafa#breadcrumb\",\"itemListElement\":[{\"@type\":\"ListItem\",\"position\":1,\"name\":\"Maintaining social ties in context of Growing tension\",\"item\":\"https:\/\/rapportannuel2022.hirondelle.org\/en\/dialogue-in-the-sahel\"},{\"@type\":\"ListItem\",\"position\":2,\"name\":\"Burkina Faso &#8211; Studio Yafa\"}]},{\"@type\":\"WebSite\",\"@id\":\"https:\/\/rapportannuel2022.hirondelle.org\/en#website\",\"url\":\"https:\/\/rapportannuel2022.hirondelle.org\/en\",\"name\":\"Annual Report 2022 - Fondation Hirondelle\",\"description\":\"\",\"potentialAction\":[{\"@type\":\"SearchAction\",\"target\":{\"@type\":\"EntryPoint\",\"urlTemplate\":\"https:\/\/rapportannuel2022.hirondelle.org\/en?s={search_term_string}\"},\"query-input\":{\"@type\":\"PropertyValueSpecification\",\"valueRequired\":true,\"valueName\":\"search_term_string\"}}],\"inLanguage\":\"en-US\"}]}<\/script>\n<!-- \/ Yoast SEO plugin. -->","yoast_head_json":{"title":"Burkina Faso - Studio Yafa - Annual Report 2022 - Fondation Hirondelle","robots":{"index":"index","follow":"follow","max-snippet":"max-snippet:-1","max-image-preview":"max-image-preview:large","max-video-preview":"max-video-preview:-1"},"canonical":"https:\/\/rapportannuel2022.hirondelle.org\/en\/dialogue-in-the-sahel\/studio-yafa","og_locale":"en_US","og_type":"article","og_title":"Burkina Faso - Studio Yafa - Annual Report 2022 - Fondation Hirondelle","og_description":"[vc_row][vc_column width=&#8221;1\/3&#8243;][vc_single_image image=&#8221;184&#8243; img_size=&#8221;large&#8221; css=&#8221;.vc_custom_1652776367458{margin-top: 10px !important;margin-bottom: 10px !important;}&#8221; el_class=&#8221;fullWidthImageContainer&#8221;][vc_row_inner][vc_column_inner el_class=&#8221;floatingColumn&#8221;][vc_column_text]Studio Yafa, the multimedia programme for youth has met successfully the challenges set at its launch four years ago. Produced by a team of 20 journalists in Ougadougou and a network of 35 correspondents in the regions, Studio Yafa\u2019s programmes are broadcast by 35 radio [&hellip;]","og_url":"https:\/\/rapportannuel2022.hirondelle.org\/en\/dialogue-in-the-sahel\/studio-yafa","og_site_name":"Annual Report 2022 - Fondation Hirondelle","article_modified_time":"2023-06-07T15:40:05+00:00","og_image":[{"width":2560,"height":1485,"url":"https:\/\/rapportannuel2022.hirondelle.org\/wp-content\/uploads\/2023\/05\/studio-yafa.jpg","type":"image\/jpeg"}],"twitter_card":"summary_large_image","twitter_misc":{"Est. reading time":"3 minutes"},"schema":{"@context":"https:\/\/schema.org","@graph":[{"@type":"WebPage","@id":"https:\/\/rapportannuel2022.hirondelle.org\/en\/dialogue-in-the-sahel\/studio-yafa","url":"https:\/\/rapportannuel2022.hirondelle.org\/en\/dialogue-in-the-sahel\/studio-yafa","name":"Burkina Faso - Studio Yafa - Annual Report 2022 - Fondation Hirondelle","isPartOf":{"@id":"https:\/\/rapportannuel2022.hirondelle.org\/en#website"},"primaryImageOfPage":{"@id":"https:\/\/rapportannuel2022.hirondelle.org\/en\/dialogue-in-the-sahel\/studio-yafa#primaryimage"},"image":{"@id":"https:\/\/rapportannuel2022.hirondelle.org\/en\/dialogue-in-the-sahel\/studio-yafa#primaryimage"},"thumbnailUrl":"https:\/\/rapportannuel2022.hirondelle.org\/wp-content\/uploads\/2023\/05\/studio-yafa.jpg","datePublished":"2022-03-21T18:59:15+00:00","dateModified":"2023-06-07T15:40:05+00:00","breadcrumb":{"@id":"https:\/\/rapportannuel2022.hirondelle.org\/en\/dialogue-in-the-sahel\/studio-yafa#breadcrumb"},"inLanguage":"en-US","potentialAction":[{"@type":"ReadAction","target":["https:\/\/rapportannuel2022.hirondelle.org\/en\/dialogue-in-the-sahel\/studio-yafa"]}]},{"@type":"ImageObject","inLanguage":"en-US","@id":"https:\/\/rapportannuel2022.hirondelle.org\/en\/dialogue-in-the-sahel\/studio-yafa#primaryimage","url":"https:\/\/rapportannuel2022.hirondelle.org\/wp-content\/uploads\/2023\/05\/studio-yafa.jpg","contentUrl":"https:\/\/rapportannuel2022.hirondelle.org\/wp-content\/uploads\/2023\/05\/studio-yafa.jpg","width":2560,"height":1485,"caption":"A Studio Yafa journalist interviews a trader in Ouagadougou. \u00a9 Olympia de Maismont \/Fondation Hirondelle."},{"@type":"BreadcrumbList","@id":"https:\/\/rapportannuel2022.hirondelle.org\/en\/dialogue-in-the-sahel\/studio-yafa#breadcrumb","itemListElement":[{"@type":"ListItem","position":1,"name":"Maintaining social ties in context of Growing tension","item":"https:\/\/rapportannuel2022.hirondelle.org\/en\/dialogue-in-the-sahel"},{"@type":"ListItem","position":2,"name":"Burkina Faso &#8211; Studio Yafa"}]},{"@type":"WebSite","@id":"https:\/\/rapportannuel2022.hirondelle.org\/en#website","url":"https:\/\/rapportannuel2022.hirondelle.org\/en","name":"Annual Report 2022 - Fondation Hirondelle","description":"","potentialAction":[{"@type":"SearchAction","target":{"@type":"EntryPoint","urlTemplate":"https:\/\/rapportannuel2022.hirondelle.org\/en?s={search_term_string}"},"query-input":{"@type":"PropertyValueSpecification","valueRequired":true,"valueName":"search_term_string"}}],"inLanguage":"en-US"}]}},"_links":{"self":[{"href":"https:\/\/rapportannuel2022.hirondelle.org\/en\/wp-json\/wp\/v2\/pages\/550","targetHints":{"allow":["GET"]}}],"collection":[{"href":"https:\/\/rapportannuel2022.hirondelle.org\/en\/wp-json\/wp\/v2\/pages"}],"about":[{"href":"https:\/\/rapportannuel2022.hirondelle.org\/en\/wp-json\/wp\/v2\/types\/page"}],"author":[{"embeddable":true,"href":"https:\/\/rapportannuel2022.hirondelle.org\/en\/wp-json\/wp\/v2\/users\/7"}],"replies":[{"embeddable":true,"href":"https:\/\/rapportannuel2022.hirondelle.org\/en\/wp-json\/wp\/v2\/comments?post=550"}],"version-history":[{"count":8,"href":"https:\/\/rapportannuel2022.hirondelle.org\/en\/wp-json\/wp\/v2\/pages\/550\/revisions"}],"predecessor-version":[{"id":1314,"href":"https:\/\/rapportannuel2022.hirondelle.org\/en\/wp-json\/wp\/v2\/pages\/550\/revisions\/1314"}],"up":[{"embeddable":true,"href":"https:\/\/rapportannuel2022.hirondelle.org\/en\/wp-json\/wp\/v2\/pages\/547"}],"wp:featuredmedia":[{"embeddable":true,"href":"https:\/\/rapportannuel2022.hirondelle.org\/en\/wp-json\/wp\/v2\/media\/1028"}],"wp:attachment":[{"href":"https:\/\/rapportannuel2022.hirondelle.org\/en\/wp-json\/wp\/v2\/media?parent=550"}],"curies":[{"name":"wp","href":"https:\/\/api.w.org\/{rel}","templated":true}]}}